{"id":3931,"date":"2022-03-31T08:59:24","date_gmt":"2022-03-31T05:59:24","guid":{"rendered":"https:\/\/kuhankuono.sivustamo.com\/forening\/forsaljningspunkter-for-vandringskartor\/"},"modified":"2022-08-12T13:17:35","modified_gmt":"2022-08-12T10:17:35","slug":"forsaljningspunkter-for-vandringskartor","status":"publish","type":"page","link":"https:\/\/kuhankuono.fi\/sv\/forening\/forsaljningspunkter-for-vandringskartor\/","title":{"rendered":"F\u00f6rs\u00e4ljningspunkter f\u00f6r vandringskartor"},"content":{"rendered":"\t\t<div data-elementor-type=\"wp-page\" data-elementor-id=\"3931\" class=\"elementor elementor-3931 elementor-1272\" data-elementor-post-type=\"page\">\n\t\t\t\t\t\t<section class=\"elementor-section elementor-top-section elementor-element elementor-element-e630993 elementor-section-boxed elementor-section-height-default elementor-section-height-default\" data-id=\"e630993\" data-element_type=\"section\" data-e-type=\"section\">\n\t\t\t\t\t\t<div class=\"elementor-container elementor-column-gap-default\">\n\t\t\t\t\t<div class=\"elementor-column elementor-col-50 elementor-top-column elementor-element elementor-element-3df32fd\" data-id=\"3df32fd\" data-element_type=\"column\" data-e-type=\"column\">\n\t\t\t<div class=\"elementor-widget-wrap elementor-element-populated\">\n\t\t\t\t\t\t<div class=\"elementor-element elementor-element-aefeb89 elementor-widget elementor-widget-heading\" data-id=\"aefeb89\" data-element_type=\"widget\" data-e-type=\"widget\" data-widget_type=\"heading.default\">\n\t\t\t\t<div class=\"elementor-widget-container\">\n\t\t\t\t\t<h1 class=\"elementor-heading-title elementor-size-default\">F\u00f6rs\u00e4ljningspunkter f\u00f6r vandringskartor<\/h1>\t\t\t\t<\/div>\n\t\t\t\t<\/div>\n\t\t\t\t<div class=\"elementor-element elementor-element-b2f55fa elementor-icon-list--layout-traditional elementor-list-item-link-full_width elementor-widget elementor-widget-icon-list\" data-id=\"b2f55fa\" data-element_type=\"widget\" data-e-type=\"widget\" data-widget_type=\"icon-list.default\">\n\t\t\t\t<div class=\"elementor-widget-container\">\n\t\t\t\t\t\t\t<ul class=\"elementor-icon-list-items\">\n\t\t\t\t\t\t\t<li class=\"elementor-icon-list-item\">\n\t\t\t\t\t\t\t\t\t\t\t<a href=\"https:\/\/akateeminenwebshop.com\/search.php?search=kuhankuono#!product_id=6418616188250\">\n\n\t\t\t\t\t\t\t\t\t\t\t\t<span class=\"elementor-icon-list-icon\">\n\t\t\t\t\t\t\t<i aria-hidden=\"true\" class=\"fas fa-map\"><\/i>\t\t\t\t\t\t<\/span>\n\t\t\t\t\t\t\t\t\t\t<span class=\"elementor-icon-list-text\">Akateeminen kirjakauppa<\/span>\n\t\t\t\t\t\t\t\t\t\t\t<\/a>\n\t\t\t\t\t\t\t\t\t<\/li>\n\t\t\t\t\t\t\t\t<li class=\"elementor-icon-list-item\">\n\t\t\t\t\t\t\t\t\t\t\t<a href=\"https:\/\/www.holvinalpakka.fi\/\">\n\n\t\t\t\t\t\t\t\t\t\t\t\t<span class=\"elementor-icon-list-icon\">\n\t\t\t\t\t\t\t<i aria-hidden=\"true\" class=\"fas fa-map\"><\/i>\t\t\t\t\t\t<\/span>\n\t\t\t\t\t\t\t\t\t\t<span class=\"elementor-icon-list-text\">Holvin Alpakat<\/span>\n\t\t\t\t\t\t\t\t\t\t\t<\/a>\n\t\t\t\t\t\t\t\t\t<\/li>\n\t\t\t\t\t\t\t\t<li class=\"elementor-icon-list-item\">\n\t\t\t\t\t\t\t\t\t\t\t<a href=\"https:\/\/www.poytya.fi\/vapaa-aika-ja-matkailu\/luontokapinetti\/%20\">\n\n\t\t\t\t\t\t\t\t\t\t\t\t<span class=\"elementor-icon-list-icon\">\n\t\t\t\t\t\t\t<i aria-hidden=\"true\" class=\"fas fa-map\"><\/i>\t\t\t\t\t\t<\/span>\n\t\t\t\t\t\t\t\t\t\t<span class=\"elementor-icon-list-text\">Luontokapinetti, Yl\u00e4ne<\/span>\n\t\t\t\t\t\t\t\t\t\t\t<\/a>\n\t\t\t\t\t\t\t\t\t<\/li>\n\t\t\t\t\t\t\t\t<li class=\"elementor-icon-list-item\">\n\t\t\t\t\t\t\t\t\t\t\t<a href=\"https:\/\/nousiainen.fi\/kirjasto-ja-kulttuuri\/kirjasto\/\">\n\n\t\t\t\t\t\t\t\t\t\t\t\t<span class=\"elementor-icon-list-icon\">\n\t\t\t\t\t\t\t<i aria-hidden=\"true\" class=\"fas fa-map\"><\/i>\t\t\t\t\t\t<\/span>\n\t\t\t\t\t\t\t\t\t\t<span class=\"elementor-icon-list-text\">Nousiainen bibliotek<\/span>\n\t\t\t\t\t\t\t\t\t\t\t<\/a>\n\t\t\t\t\t\t\t\t\t<\/li>\n\t\t\t\t\t\t\t\t<li class=\"elementor-icon-list-item\">\n\t\t\t\t\t\t\t\t\t\t\t<a href=\"https:\/\/www.partioaitta.fi\/kirja-kartta-kuhankuonon-retkeilyreitisto-1002236\/?sku=200085090303\">\n\n\t\t\t\t\t\t\t\t\t\t\t\t<span class=\"elementor-icon-list-icon\">\n\t\t\t\t\t\t\t<i aria-hidden=\"true\" class=\"fas fa-map\"><\/i>\t\t\t\t\t\t<\/span>\n\t\t\t\t\t\t\t\t\t\t<span class=\"elementor-icon-list-text\">Partioaitta, Hansa ja Skanssi<\/span>\n\t\t\t\t\t\t\t\t\t\t\t<\/a>\n\t\t\t\t\t\t\t\t\t<\/li>\n\t\t\t\t\t\t\t\t<li class=\"elementor-icon-list-item\">\n\t\t\t\t\t\t\t\t\t\t\t<a href=\"https:\/\/www.raisio.fi\/fi\/kulttuuri-ja-vapaa-aika\/kirjasto\/kirjaston-aukioloajat-ja-yhteystiedot%20\">\n\n\t\t\t\t\t\t\t\t\t\t\t\t<span class=\"elementor-icon-list-icon\">\n\t\t\t\t\t\t\t<i aria-hidden=\"true\" class=\"fas fa-map\"><\/i>\t\t\t\t\t\t<\/span>\n\t\t\t\t\t\t\t\t\t\t<span class=\"elementor-icon-list-text\">Raisio bibliotek, servicepunkt<\/span>\n\t\t\t\t\t\t\t\t\t\t\t<\/a>\n\t\t\t\t\t\t\t\t\t<\/li>\n\t\t\t\t\t\t\t\t<li class=\"elementor-icon-list-item\">\n\t\t\t\t\t\t\t\t\t\t\t<a href=\"https:\/\/www.facebook.com\/Savoj%C3%A4rven-Rantapiha-177177239002655\/timeline\/%20\">\n\n\t\t\t\t\t\t\t\t\t\t\t\t<span class=\"elementor-icon-list-icon\">\n\t\t\t\t\t\t\t<i aria-hidden=\"true\" class=\"fas fa-map\"><\/i>\t\t\t\t\t\t<\/span>\n\t\t\t\t\t\t\t\t\t\t<span class=\"elementor-icon-list-text\">Rantapiha kiosk<\/span>\n\t\t\t\t\t\t\t\t\t\t\t<\/a>\n\t\t\t\t\t\t\t\t\t<\/li>\n\t\t\t\t\t\t\t\t<li class=\"elementor-icon-list-item\">\n\t\t\t\t\t\t\t\t\t\t\t<span class=\"elementor-icon-list-icon\">\n\t\t\t\t\t\t\t<i aria-hidden=\"true\" class=\"fas fa-map\"><\/i>\t\t\t\t\t\t<\/span>\n\t\t\t\t\t\t\t\t\t\t<span class=\"elementor-icon-list-text\">Rusko bibliotek (st\u00e4ngt tillsvidare)<\/span>\n\t\t\t\t\t\t\t\t\t<\/li>\n\t\t\t\t\t\t\t\t<li class=\"elementor-icon-list-item\">\n\t\t\t\t\t\t\t\t\t\t\t<a href=\"https:\/\/scandinavianoutdoor.fi\/karttakeskus\/varusteet\/kartat-ja-kirjat\/retkeilykartat-suomi\/kuhankuonon-retkeilykartta-2015\/\">\n\n\t\t\t\t\t\t\t\t\t\t\t\t<span class=\"elementor-icon-list-icon\">\n\t\t\t\t\t\t\t<i aria-hidden=\"true\" class=\"fas fa-map\"><\/i>\t\t\t\t\t\t<\/span>\n\t\t\t\t\t\t\t\t\t\t<span class=\"elementor-icon-list-text\">Scandinavian Outdoor, Raisio<\/span>\n\t\t\t\t\t\t\t\t\t\t\t<\/a>\n\t\t\t\t\t\t\t\t\t<\/li>\n\t\t\t\t\t\t\t\t<li class=\"elementor-icon-list-item\">\n\t\t\t\t\t\t\t\t\t\t\t<a href=\"https:\/\/www.suomalainen.com\/products\/kuhankuonon-retkeilyreitisto-1%20\">\n\n\t\t\t\t\t\t\t\t\t\t\t\t<span class=\"elementor-icon-list-icon\">\n\t\t\t\t\t\t\t<i aria-hidden=\"true\" class=\"fas fa-map\"><\/i>\t\t\t\t\t\t<\/span>\n\t\t\t\t\t\t\t\t\t\t<span class=\"elementor-icon-list-text\">Suomalainen kirjakauppa, Hansa och Skanssi<\/span>\n\t\t\t\t\t\t\t\t\t\t\t<\/a>\n\t\t\t\t\t\t\t\t\t<\/li>\n\t\t\t\t\t\t\t\t<li class=\"elementor-icon-list-item\">\n\t\t\t\t\t\t\t\t\t\t\t<a href=\"https:\/\/kansallinen.fi\/tuote\/kuhankuonon-retkeilyreitisto-retkeilykartta-155-000\/%20\">\n\n\t\t\t\t\t\t\t\t\t\t\t\t<span class=\"elementor-icon-list-icon\">\n\t\t\t\t\t\t\t<i aria-hidden=\"true\" class=\"fas fa-map\"><\/i>\t\t\t\t\t\t<\/span>\n\t\t\t\t\t\t\t\t\t\t<span class=\"elementor-icon-list-text\">Turun kansallinen kirjakauppa<\/span>\n\t\t\t\t\t\t\t\t\t\t\t<\/a>\n\t\t\t\t\t\t\t\t\t<\/li>\n\t\t\t\t\t\t\t\t<li class=\"elementor-icon-list-item\">\n\t\t\t\t\t\t\t\t\t\t\t<a href=\"https:\/\/rusko.fi\/toimipistelista\/vahdon-kirjasto\/\">\n\n\t\t\t\t\t\t\t\t\t\t\t\t<span class=\"elementor-icon-list-icon\">\n\t\t\t\t\t\t\t<i aria-hidden=\"true\" class=\"fas fa-map\"><\/i>\t\t\t\t\t\t<\/span>\n\t\t\t\t\t\t\t\t\t\t<span class=\"elementor-icon-list-text\">Vahto bibliotek<\/span>\n\t\t\t\t\t\t\t\t\t\t\t<\/a>\n\t\t\t\t\t\t\t\t\t<\/li>\n\t\t\t\t\t\t\t\t<li class=\"elementor-icon-list-item\">\n\t\t\t\t\t\t\t\t\t\t\t<a href=\"https:\/\/varsinais-suomi.fi\/kumppanuusfoorumi\/kumppanuusfoorumi\/ihmiset-ja-yhteisot\/virkistys\/kuhankuonon-retkeilykarttojen-myynti\/\">\n\n\t\t\t\t\t\t\t\t\t\t\t\t<span class=\"elementor-icon-list-icon\">\n\t\t\t\t\t\t\t<i aria-hidden=\"true\" class=\"fas fa-map\"><\/i>\t\t\t\t\t\t<\/span>\n\t\t\t\t\t\t\t\t\t\t<span class=\"elementor-icon-list-text\">Varsinais-Suomen liitto<\/span>\n\t\t\t\t\t\t\t\t\t\t\t<\/a>\n\t\t\t\t\t\t\t\t\t<\/li>\n\t\t\t\t\t\t\t\t<li class=\"elementor-icon-list-item\">\n\t\t\t\t\t\t\t\t\t\t\t<a href=\"https:\/\/www.visitturku.fi\/\">\n\n\t\t\t\t\t\t\t\t\t\t\t\t<span class=\"elementor-icon-list-icon\">\n\t\t\t\t\t\t\t<i aria-hidden=\"true\" class=\"fas fa-map\"><\/i>\t\t\t\t\t\t<\/span>\n\t\t\t\t\t\t\t\t\t\t<span class=\"elementor-icon-list-text\">Visit Turku, Kauppatorin Monitori<\/span>\n\t\t\t\t\t\t\t\t\t\t\t<\/a>\n\t\t\t\t\t\t\t\t\t<\/li>\n\t\t\t\t\t\t<\/ul>\n\t\t\t\t\t\t<\/div>\n\t\t\t\t<\/div>\n\t\t\t\t\t<\/div>\n\t\t<\/div>\n\t\t\t\t<div class=\"elementor-column elementor-col-50 elementor-top-column elementor-element elementor-element-eec0e26\" data-id=\"eec0e26\" data-element_type=\"column\" data-e-type=\"column\">\n\t\t\t<div class=\"elementor-widget-wrap elementor-element-populated\">\n\t\t\t\t\t\t<div class=\"elementor-element elementor-element-a26c345 elementor-widget elementor-widget-image\" data-id=\"a26c345\" data-element_type=\"widget\" data-e-type=\"widget\" data-widget_type=\"image.default\">\n\t\t\t\t<div class=\"elementor-widget-container\">\n\t\t\t\t\t\t\t\t\t\t\t\t\t\t\t<img fetchpriority=\"high\" decoding=\"async\" width=\"308\" height=\"768\" src=\"https:\/\/kuhankuono.fi\/wp-content\/uploads\/2022\/02\/kartan_kansi-Medium.png\" class=\"attachment-large size-large wp-image-3148\" alt=\"\" srcset=\"https:\/\/kuhankuono.fi\/wp-content\/uploads\/2022\/02\/kartan_kansi-Medium.png 308w, https:\/\/kuhankuono.fi\/wp-content\/uploads\/2022\/02\/kartan_kansi-Medium-120x300.png 120w\" sizes=\"(max-width: 308px) 100vw, 308px\" \/>\t\t\t\t\t\t\t\t\t\t\t\t\t\t\t<\/div>\n\t\t\t\t<\/div>\n\t\t\t\t\t<\/div>\n\t\t<\/div>\n\t\t\t\t\t<\/div>\n\t\t<\/section>\n\t\t\t\t<\/div>\n\t\t","protected":false},"excerpt":{"rendered":"<p>F\u00f6rs\u00e4ljningspunkter f\u00f6r vandringskartor Akateeminen kirjakauppa Holvin Alpakat Luontokapinetti, Yl\u00e4ne Nousiainen bibliotek Partioaitta, Hansa ja Skanssi Raisio bibliotek, servicepunkt Rantapiha kiosk Rusko bibliotek (st\u00e4ngt tillsvidare) Scandinavian Outdoor, Raisio Suomalainen kirjakauppa, Hansa och Skanssi Turun kansallinen kirjakauppa Vahto bibliotek Varsinais-Suomen liitto Visit Turku, Kauppatorin Monitori<\/p>\n","protected":false},"author":1,"featured_media":0,"parent":3771,"menu_order":0,"comment_status":"closed","ping_status":"closed","template":"","meta":{"_acf_changed":false,"footnotes":""},"class_list":["post-3931","page","type-page","status-publish","hentry"],"acf":[],"yoast_head":"<!-- This site is optimized with the Yoast SEO plugin v27.4 - https:\/\/yoast.com\/product\/yoast-seo-wordpress\/ -->\n<title>F\u00f6rs\u00e4ljningspunkter f\u00f6r vandringskartor - Kuhankuonon retkeilyreitist\u00f6<\/title>\n<meta name=\"robots\" content=\"index, follow, max-snippet:-1, max-image-preview:large, max-video-preview:-1\" \/>\n<link rel=\"canonical\" href=\"https:\/\/kuhankuono.fi\/sv\/forening\/forsaljningspunkter-for-vandringskartor\/\" \/>\n<meta property=\"og:locale\" content=\"sv_SE\" \/>\n<meta property=\"og:type\" content=\"article\" \/>\n<meta property=\"og:title\" content=\"F\u00f6rs\u00e4ljningspunkter f\u00f6r vandringskartor - Kuhankuonon retkeilyreitist\u00f6\" \/>\n<meta property=\"og:description\" content=\"F\u00f6rs\u00e4ljningspunkter f\u00f6r vandringskartor Akateeminen kirjakauppa Holvin Alpakat Luontokapinetti, Yl\u00e4ne Nousiainen bibliotek Partioaitta, Hansa ja Skanssi Raisio bibliotek, servicepunkt Rantapiha kiosk Rusko bibliotek (st\u00e4ngt tillsvidare) Scandinavian Outdoor, Raisio Suomalainen kirjakauppa, Hansa och Skanssi Turun kansallinen kirjakauppa Vahto bibliotek Varsinais-Suomen liitto Visit Turku, Kauppatorin Monitori\" \/>\n<meta property=\"og:url\" content=\"https:\/\/kuhankuono.fi\/sv\/forening\/forsaljningspunkter-for-vandringskartor\/\" \/>\n<meta property=\"og:site_name\" content=\"Kuhankuonon retkeilyreitist\u00f6\" \/>\n<meta property=\"article:modified_time\" content=\"2022-08-12T10:17:35+00:00\" \/>\n<meta property=\"og:image\" content=\"https:\/\/kuhankuono.fi\/wp-content\/uploads\/2022\/02\/kartan_kansi-Medium.png\" \/>\n<meta name=\"twitter:card\" content=\"summary_large_image\" \/>\n<meta name=\"twitter:label1\" content=\"Ber\u00e4knad l\u00e4stid\" \/>\n\t<meta name=\"twitter:data1\" content=\"1 minut\" \/>\n<script type=\"application\/ld+json\" class=\"yoast-schema-graph\">{\"@context\":\"https:\\\/\\\/schema.org\",\"@graph\":[{\"@type\":\"WebPage\",\"@id\":\"https:\\\/\\\/kuhankuono.fi\\\/sv\\\/forening\\\/forsaljningspunkter-for-vandringskartor\\\/\",\"url\":\"https:\\\/\\\/kuhankuono.fi\\\/sv\\\/forening\\\/forsaljningspunkter-for-vandringskartor\\\/\",\"name\":\"F\u00f6rs\u00e4ljningspunkter f\u00f6r vandringskartor - Kuhankuonon retkeilyreitist\u00f6\",\"isPartOf\":{\"@id\":\"https:\\\/\\\/kuhankuono.fi\\\/sv\\\/#website\"},\"primaryImageOfPage\":{\"@id\":\"https:\\\/\\\/kuhankuono.fi\\\/sv\\\/forening\\\/forsaljningspunkter-for-vandringskartor\\\/#primaryimage\"},\"image\":{\"@id\":\"https:\\\/\\\/kuhankuono.fi\\\/sv\\\/forening\\\/forsaljningspunkter-for-vandringskartor\\\/#primaryimage\"},\"thumbnailUrl\":\"https:\\\/\\\/kuhankuono.fi\\\/wp-content\\\/uploads\\\/2022\\\/02\\\/kartan_kansi-Medium.png\",\"datePublished\":\"2022-03-31T05:59:24+00:00\",\"dateModified\":\"2022-08-12T10:17:35+00:00\",\"breadcrumb\":{\"@id\":\"https:\\\/\\\/kuhankuono.fi\\\/sv\\\/forening\\\/forsaljningspunkter-for-vandringskartor\\\/#breadcrumb\"},\"inLanguage\":\"sv-SE\",\"potentialAction\":[{\"@type\":\"ReadAction\",\"target\":[\"https:\\\/\\\/kuhankuono.fi\\\/sv\\\/forening\\\/forsaljningspunkter-for-vandringskartor\\\/\"]}]},{\"@type\":\"ImageObject\",\"inLanguage\":\"sv-SE\",\"@id\":\"https:\\\/\\\/kuhankuono.fi\\\/sv\\\/forening\\\/forsaljningspunkter-for-vandringskartor\\\/#primaryimage\",\"url\":\"https:\\\/\\\/kuhankuono.fi\\\/wp-content\\\/uploads\\\/2022\\\/02\\\/kartan_kansi-Medium.png\",\"contentUrl\":\"https:\\\/\\\/kuhankuono.fi\\\/wp-content\\\/uploads\\\/2022\\\/02\\\/kartan_kansi-Medium.png\"},{\"@type\":\"BreadcrumbList\",\"@id\":\"https:\\\/\\\/kuhankuono.fi\\\/sv\\\/forening\\\/forsaljningspunkter-for-vandringskartor\\\/#breadcrumb\",\"itemListElement\":[{\"@type\":\"ListItem\",\"position\":1,\"name\":\"Home\",\"item\":\"https:\\\/\\\/kuhankuono.fi\\\/sv\\\/\"},{\"@type\":\"ListItem\",\"position\":2,\"name\":\"F\u00f6rening\",\"item\":\"https:\\\/\\\/kuhankuono.fi\\\/sv\\\/forening\\\/\"},{\"@type\":\"ListItem\",\"position\":3,\"name\":\"F\u00f6rs\u00e4ljningspunkter f\u00f6r vandringskartor\"}]},{\"@type\":\"WebSite\",\"@id\":\"https:\\\/\\\/kuhankuono.fi\\\/sv\\\/#website\",\"url\":\"https:\\\/\\\/kuhankuono.fi\\\/sv\\\/\",\"name\":\"Kuhankuonon retkeilyreitist\u00f6\",\"description\":\"\",\"publisher\":{\"@id\":\"https:\\\/\\\/kuhankuono.fi\\\/sv\\\/#organization\"},\"potentialAction\":[{\"@type\":\"SearchAction\",\"target\":{\"@type\":\"EntryPoint\",\"urlTemplate\":\"https:\\\/\\\/kuhankuono.fi\\\/sv\\\/?s={search_term_string}\"},\"query-input\":{\"@type\":\"PropertyValueSpecification\",\"valueRequired\":true,\"valueName\":\"search_term_string\"}}],\"inLanguage\":\"sv-SE\"},{\"@type\":\"Organization\",\"@id\":\"https:\\\/\\\/kuhankuono.fi\\\/sv\\\/#organization\",\"name\":\"Kuhankuonon retkeilyreitist\u00f6\",\"url\":\"https:\\\/\\\/kuhankuono.fi\\\/sv\\\/\",\"logo\":{\"@type\":\"ImageObject\",\"inLanguage\":\"sv-SE\",\"@id\":\"https:\\\/\\\/kuhankuono.fi\\\/sv\\\/#\\\/schema\\\/logo\\\/image\\\/\",\"url\":\"https:\\\/\\\/kuhankuono.fi\\\/wp-content\\\/uploads\\\/2021\\\/02\\\/kuhankuonologo.png\",\"contentUrl\":\"https:\\\/\\\/kuhankuono.fi\\\/wp-content\\\/uploads\\\/2021\\\/02\\\/kuhankuonologo.png\",\"width\":146,\"height\":146,\"caption\":\"Kuhankuonon retkeilyreitist\u00f6\"},\"image\":{\"@id\":\"https:\\\/\\\/kuhankuono.fi\\\/sv\\\/#\\\/schema\\\/logo\\\/image\\\/\"}}]}<\/script>\n<!-- \/ Yoast SEO plugin. -->","yoast_head_json":{"title":"F\u00f6rs\u00e4ljningspunkter f\u00f6r vandringskartor - Kuhankuonon retkeilyreitist\u00f6","robots":{"index":"index","follow":"follow","max-snippet":"max-snippet:-1","max-image-preview":"max-image-preview:large","max-video-preview":"max-video-preview:-1"},"canonical":"https:\/\/kuhankuono.fi\/sv\/forening\/forsaljningspunkter-for-vandringskartor\/","og_locale":"sv_SE","og_type":"article","og_title":"F\u00f6rs\u00e4ljningspunkter f\u00f6r vandringskartor - Kuhankuonon retkeilyreitist\u00f6","og_description":"F\u00f6rs\u00e4ljningspunkter f\u00f6r vandringskartor Akateeminen kirjakauppa Holvin Alpakat Luontokapinetti, Yl\u00e4ne Nousiainen bibliotek Partioaitta, Hansa ja Skanssi Raisio bibliotek, servicepunkt Rantapiha kiosk Rusko bibliotek (st\u00e4ngt tillsvidare) Scandinavian Outdoor, Raisio Suomalainen kirjakauppa, Hansa och Skanssi Turun kansallinen kirjakauppa Vahto bibliotek Varsinais-Suomen liitto Visit Turku, Kauppatorin Monitori","og_url":"https:\/\/kuhankuono.fi\/sv\/forening\/forsaljningspunkter-for-vandringskartor\/","og_site_name":"Kuhankuonon retkeilyreitist\u00f6","article_modified_time":"2022-08-12T10:17:35+00:00","og_image":[{"url":"https:\/\/kuhankuono.fi\/wp-content\/uploads\/2022\/02\/kartan_kansi-Medium.png","type":"","width":"","height":""}],"twitter_card":"summary_large_image","twitter_misc":{"Ber\u00e4knad l\u00e4stid":"1 minut"},"schema":{"@context":"https:\/\/schema.org","@graph":[{"@type":"WebPage","@id":"https:\/\/kuhankuono.fi\/sv\/forening\/forsaljningspunkter-for-vandringskartor\/","url":"https:\/\/kuhankuono.fi\/sv\/forening\/forsaljningspunkter-for-vandringskartor\/","name":"F\u00f6rs\u00e4ljningspunkter f\u00f6r vandringskartor - Kuhankuonon retkeilyreitist\u00f6","isPartOf":{"@id":"https:\/\/kuhankuono.fi\/sv\/#website"},"primaryImageOfPage":{"@id":"https:\/\/kuhankuono.fi\/sv\/forening\/forsaljningspunkter-for-vandringskartor\/#primaryimage"},"image":{"@id":"https:\/\/kuhankuono.fi\/sv\/forening\/forsaljningspunkter-for-vandringskartor\/#primaryimage"},"thumbnailUrl":"https:\/\/kuhankuono.fi\/wp-content\/uploads\/2022\/02\/kartan_kansi-Medium.png","datePublished":"2022-03-31T05:59:24+00:00","dateModified":"2022-08-12T10:17:35+00:00","breadcrumb":{"@id":"https:\/\/kuhankuono.fi\/sv\/forening\/forsaljningspunkter-for-vandringskartor\/#breadcrumb"},"inLanguage":"sv-SE","potentialAction":[{"@type":"ReadAction","target":["https:\/\/kuhankuono.fi\/sv\/forening\/forsaljningspunkter-for-vandringskartor\/"]}]},{"@type":"ImageObject","inLanguage":"sv-SE","@id":"https:\/\/kuhankuono.fi\/sv\/forening\/forsaljningspunkter-for-vandringskartor\/#primaryimage","url":"https:\/\/kuhankuono.fi\/wp-content\/uploads\/2022\/02\/kartan_kansi-Medium.png","contentUrl":"https:\/\/kuhankuono.fi\/wp-content\/uploads\/2022\/02\/kartan_kansi-Medium.png"},{"@type":"BreadcrumbList","@id":"https:\/\/kuhankuono.fi\/sv\/forening\/forsaljningspunkter-for-vandringskartor\/#breadcrumb","itemListElement":[{"@type":"ListItem","position":1,"name":"Home","item":"https:\/\/kuhankuono.fi\/sv\/"},{"@type":"ListItem","position":2,"name":"F\u00f6rening","item":"https:\/\/kuhankuono.fi\/sv\/forening\/"},{"@type":"ListItem","position":3,"name":"F\u00f6rs\u00e4ljningspunkter f\u00f6r vandringskartor"}]},{"@type":"WebSite","@id":"https:\/\/kuhankuono.fi\/sv\/#website","url":"https:\/\/kuhankuono.fi\/sv\/","name":"Kuhankuonon retkeilyreitist\u00f6","description":"","publisher":{"@id":"https:\/\/kuhankuono.fi\/sv\/#organization"},"potentialAction":[{"@type":"SearchAction","target":{"@type":"EntryPoint","urlTemplate":"https:\/\/kuhankuono.fi\/sv\/?s={search_term_string}"},"query-input":{"@type":"PropertyValueSpecification","valueRequired":true,"valueName":"search_term_string"}}],"inLanguage":"sv-SE"},{"@type":"Organization","@id":"https:\/\/kuhankuono.fi\/sv\/#organization","name":"Kuhankuonon retkeilyreitist\u00f6","url":"https:\/\/kuhankuono.fi\/sv\/","logo":{"@type":"ImageObject","inLanguage":"sv-SE","@id":"https:\/\/kuhankuono.fi\/sv\/#\/schema\/logo\/image\/","url":"https:\/\/kuhankuono.fi\/wp-content\/uploads\/2021\/02\/kuhankuonologo.png","contentUrl":"https:\/\/kuhankuono.fi\/wp-content\/uploads\/2021\/02\/kuhankuonologo.png","width":146,"height":146,"caption":"Kuhankuonon retkeilyreitist\u00f6"},"image":{"@id":"https:\/\/kuhankuono.fi\/sv\/#\/schema\/logo\/image\/"}}]}},"_links":{"self":[{"href":"https:\/\/kuhankuono.fi\/sv\/wp-json\/wp\/v2\/pages\/3931","targetHints":{"allow":["GET"]}}],"collection":[{"href":"https:\/\/kuhankuono.fi\/sv\/wp-json\/wp\/v2\/pages"}],"about":[{"href":"https:\/\/kuhankuono.fi\/sv\/wp-json\/wp\/v2\/types\/page"}],"author":[{"embeddable":true,"href":"https:\/\/kuhankuono.fi\/sv\/wp-json\/wp\/v2\/users\/1"}],"replies":[{"embeddable":true,"href":"https:\/\/kuhankuono.fi\/sv\/wp-json\/wp\/v2\/comments?post=3931"}],"version-history":[{"count":5,"href":"https:\/\/kuhankuono.fi\/sv\/wp-json\/wp\/v2\/pages\/3931\/revisions"}],"predecessor-version":[{"id":4929,"href":"https:\/\/kuhankuono.fi\/sv\/wp-json\/wp\/v2\/pages\/3931\/revisions\/4929"}],"up":[{"embeddable":true,"href":"https:\/\/kuhankuono.fi\/sv\/wp-json\/wp\/v2\/pages\/3771"}],"wp:attachment":[{"href":"https:\/\/kuhankuono.fi\/sv\/wp-json\/wp\/v2\/media?parent=3931"}],"curies":[{"name":"wp","href":"https:\/\/api.w.org\/{rel}","templated":true}]}}