{"id":3761,"date":"2022-03-24T14:20:08","date_gmt":"2022-03-24T12:20:08","guid":{"rendered":"https:\/\/kuhankuono.sivustamo.com\/vandrarens-guide\/"},"modified":"2022-03-24T14:23:02","modified_gmt":"2022-03-24T12:23:02","slug":"vandrarens-guide","status":"publish","type":"page","link":"https:\/\/kuhankuono.fi\/sv\/forening\/vandrarens-guide\/","title":{"rendered":"Vandrarens guide"},"content":{"rendered":"\t\t<div data-elementor-type=\"wp-page\" data-elementor-id=\"3761\" class=\"elementor elementor-3761 elementor-1298\" data-elementor-post-type=\"page\">\n\t\t\t\t\t\t<section class=\"elementor-section elementor-top-section elementor-element elementor-element-e630993 elementor-section-boxed elementor-section-height-default elementor-section-height-default\" data-id=\"e630993\" data-element_type=\"section\" data-e-type=\"section\">\n\t\t\t\t\t\t<div class=\"elementor-container elementor-column-gap-default\">\n\t\t\t\t\t<div class=\"elementor-column elementor-col-50 elementor-top-column elementor-element elementor-element-3df32fd\" data-id=\"3df32fd\" data-element_type=\"column\" data-e-type=\"column\">\n\t\t\t<div class=\"elementor-widget-wrap elementor-element-populated\">\n\t\t\t\t\t\t<div class=\"elementor-element elementor-element-a300bee elementor-widget elementor-widget-heading\" data-id=\"a300bee\" data-element_type=\"widget\" data-e-type=\"widget\" data-widget_type=\"heading.default\">\n\t\t\t\t<div class=\"elementor-widget-container\">\n\t\t\t\t\t<h1 class=\"elementor-heading-title elementor-size-default\">Anvisningar f\u00f6r trevliga, s\u00e4kra och r\u00e4ttvisa utf\u00e4rder<\/h1>\t\t\t\t<\/div>\n\t\t\t\t<\/div>\n\t\t\t\t<div class=\"elementor-element elementor-element-b2f55fa elementor-icon-list--layout-traditional elementor-list-item-link-full_width elementor-widget elementor-widget-icon-list\" data-id=\"b2f55fa\" data-element_type=\"widget\" data-e-type=\"widget\" data-widget_type=\"icon-list.default\">\n\t\t\t\t<div class=\"elementor-widget-container\">\n\t\t\t\t\t\t\t<ul class=\"elementor-icon-list-items\">\n\t\t\t\t\t\t\t<li class=\"elementor-icon-list-item\">\n\t\t\t\t\t\t\t\t\t\t\t<span class=\"elementor-icon-list-icon\">\n\t\t\t\t\t\t\t<i aria-hidden=\"true\" class=\"fas fa-house-damage\"><\/i>\t\t\t\t\t\t<\/span>\n\t\t\t\t\t\t\t\t\t\t<span class=\"elementor-icon-list-text\"><strong>Landade intressen:<\/strong><br>R\u00f6relse i naturen sker med muskelkraft s\u00e5 att mark\u00e4gare, medm\u00e4nniskor eller deras egendom inte kommer till skada. Man m\u00e5ste g\u00e5 runt g\u00e5rdsplaner och odlingar. Det \u00e4r till\u00e5tet att simma och tv\u00e4tta sig i vattendragen \u2013 tillr\u00e4ckligt l\u00e5ngt ifr\u00e5n stugor och bos\u00e4ttning.<\/span>\n\t\t\t\t\t\t\t\t\t<\/li>\n\t\t\t\t\t\t\t\t<li class=\"elementor-icon-list-item\">\n\t\t\t\t\t\t\t\t\t\t\t<span class=\"elementor-icon-list-icon\">\n\t\t\t\t\t\t\t<i aria-hidden=\"true\" class=\"fas fa-hiking\"><\/i>\t\t\t\t\t\t<\/span>\n\t\t\t\t\t\t\t\t\t\t<span class=\"elementor-icon-list-text\"><strong>Att vandra i lederna:<\/strong><br>I Kurjenrahka nationalpark har man begr\u00e4nsat r\u00f6rligheten p\u00e5 de mest centrala myrarna f\u00f6r att skydda f\u00e5gelbest\u00e5ndet. P\u00e5 de markerade lederna \u00e4r det till\u00e5tet att r\u00f6ra sig \u00e5ret om. I Vaskij\u00e4rvi naturpark \u00e4r det under den sn\u00f6fria tiden till\u00e5tet att r\u00f6ra sig endast l\u00e4ngs de markerade lederna.<\/span>\n\t\t\t\t\t\t\t\t\t<\/li>\n\t\t\t\t\t\t\t\t<li class=\"elementor-icon-list-item\">\n\t\t\t\t\t\t\t\t\t\t\t<span class=\"elementor-icon-list-icon\">\n\t\t\t\t\t\t\t<i aria-hidden=\"true\" class=\"fas fa-motorcycle\"><\/i>\t\t\t\t\t\t<\/span>\n\t\t\t\t\t\t\t\t\t\t<span class=\"elementor-icon-list-text\"><strong>Motorfordon:<\/strong><br>Man f\u00e5r inte r\u00f6ra sig i terr\u00e4ngen med n\u00e5got som helst motorfordon utan mark\u00e4garens tillst\u00e5nd.<\/span>\n\t\t\t\t\t\t\t\t\t<\/li>\n\t\t\t\t\t\t\t\t<li class=\"elementor-icon-list-item\">\n\t\t\t\t\t\t\t\t\t\t\t<span class=\"elementor-icon-list-icon\">\n\t\t\t\t\t\t\t<i aria-hidden=\"true\" class=\"fas fa-dog\"><\/i>\t\t\t\t\t\t<\/span>\n\t\t\t\t\t\t\t\t\t\t<span class=\"elementor-icon-list-text\"><strong>S\u00e4llskapsdjurna:<\/strong><br>S\u00e4llskapsdjur \u00e4r v\u00e4lkomna med p\u00e5 vandring, men de m\u00e5ste h\u00e5llas kopplade.<\/span>\n\t\t\t\t\t\t\t\t\t<\/li>\n\t\t\t\t\t\t\t\t<li class=\"elementor-icon-list-item\">\n\t\t\t\t\t\t\t\t\t\t\t<span class=\"elementor-icon-list-icon\">\n\t\t\t\t\t\t\t<i aria-hidden=\"true\" class=\"fas fa-fire\"><\/i>\t\t\t\t\t\t<\/span>\n\t\t\t\t\t\t\t\t\t\t<span class=\"elementor-icon-list-text\"><strong>Att g\u00f6ra upp eld:<\/strong><br>Att g\u00f6ra upp eld \u00e4r till\u00e5tet endast vid eldplatserna och med den ved som anvisats f\u00f6r \u00e4ndam\u00e5let. Om veden tagit slut vid en eldplats, meddela f\u00f6reningen om detta. I nationalparken ska Forststyrelsen meddelas om att veden tagit slut. D\u00e5 det r\u00e5der varning f\u00f6r skogsbrand \u00e4r det f\u00f6rbjudet att g\u00f6ra upp eld.<\/span>\n\t\t\t\t\t\t\t\t\t<\/li>\n\t\t\t\t\t\t\t\t<li class=\"elementor-icon-list-item\">\n\t\t\t\t\t\t\t\t\t\t\t<span class=\"elementor-icon-list-icon\">\n\t\t\t\t\t\t\t<i aria-hidden=\"true\" class=\"fas fa-moon\"><\/i>\t\t\t\t\t\t<\/span>\n\t\t\t\t\t\t\t\t\t\t<span class=\"elementor-icon-list-text\"><strong>\u00d6vernattning:<\/strong><br>Kortvarigt l\u00e4ger, dvs. t\u00e4ltande ing\u00e5r i allemansr\u00e4tten p\u00e5 privatmark. I nationalparkerna \u00e4r det till\u00e5tet att sl\u00e5 l\u00e4ger i n\u00e4rheten av sk\u00e4rmskydden och p\u00e5 Kurjenpes\u00e4 t\u00e4ltomr\u00e5de. D\u00e5 man sl\u00e5r l\u00e4ger b\u00f6r man minnas att det endast vid eldplatserna \u00e4r till\u00e5tet att g\u00f6ra upp eld.<\/span>\n\t\t\t\t\t\t\t\t\t<\/li>\n\t\t\t\t\t\t\t\t<li class=\"elementor-icon-list-item\">\n\t\t\t\t\t\t\t\t\t\t\t<span class=\"elementor-icon-list-icon\">\n\t\t\t\t\t\t\t<i aria-hidden=\"true\" class=\"fab fa-raspberry-pi\"><\/i>\t\t\t\t\t\t<\/span>\n\t\t\t\t\t\t\t\t\t\t<span class=\"elementor-icon-list-text\"><strong>B\u00e4r-coh svampplockning:<\/strong><br>Svamp- och b\u00e4rplockning samt insamlande och utnyttjande av andra naturens g\u00e5vor \u00e4r \u00f6nskv\u00e4rt. Man f\u00e5r inte skada tr\u00e4den eller samla mossa, lav eller motsvarande organismer utan mark\u00e4garens tillst\u00e5nd. Det \u00e4r till\u00e5tet att fiska med vederb\u00f6rliga tillst\u00e5nd. Mete och pilkfiske ing\u00e5r i allemansr\u00e4tten.<\/span>\n\t\t\t\t\t\t\t\t\t<\/li>\n\t\t\t\t\t\t\t\t<li class=\"elementor-icon-list-item\">\n\t\t\t\t\t\t\t\t\t\t\t<span class=\"elementor-icon-list-icon\">\n\t\t\t\t\t\t\t<i aria-hidden=\"true\" class=\"fas fa-recycle\"><\/i>\t\t\t\t\t\t<\/span>\n\t\t\t\t\t\t\t\t\t\t<span class=\"elementor-icon-list-text\"><strong>Att skr\u00e4pa:<\/strong><br>Inom ledn\u00e4tverket har man redan l\u00e4nge vandrat skr\u00e4pfritt. Det inneb\u00e4r att var och en sj\u00e4lv tar med sig sitt avfall bort fr\u00e5n skogen.<\/span>\n\t\t\t\t\t\t\t\t\t<\/li>\n\t\t\t\t\t\t\t\t<li class=\"elementor-icon-list-item\">\n\t\t\t\t\t\t\t\t\t\t\t<span class=\"elementor-icon-list-icon\">\n\t\t\t\t\t\t\t<i aria-hidden=\"true\" class=\"fas fa-exclamation-triangle\"><\/i>\t\t\t\t\t\t<\/span>\n\t\t\t\t\t\t\t\t\t\t<span class=\"elementor-icon-list-text\"><strong>Anm\u00e4la:<\/strong><br>Till god vandringssed som tar andra i beaktande h\u00f6r att du meddelar f\u00f6reningen om exempelvis ved som tagit slut, konstruktioner som g\u00e5tt s\u00f6nder eller bristf\u00e4lliga ledmarkeringar www.kuhankuono.fi. <a href=\"\">lomakkeella<\/a>.<\/span>\n\t\t\t\t\t\t\t\t\t<\/li>\n\t\t\t\t\t\t\t\t<li class=\"elementor-icon-list-item\">\n\t\t\t\t\t\t\t\t\t\t\t<span class=\"elementor-icon-list-icon\">\n\t\t\t\t\t\t\t<i aria-hidden=\"true\" class=\"fas fa-truck-pickup\"><\/i>\t\t\t\t\t\t<\/span>\n\t\t\t\t\t\t\t\t\t\t<span class=\"elementor-icon-list-text\"><strong>Skogsmaskiner:<\/strong><br>Maskinf\u00f6rare och skogsarbetare som arbetar i skogen f\u00e5r inte st\u00f6ras och tillr\u00e4ckliga s\u00e4kerhetsavst\u00e5nd ska beaktas.<\/span>\n\t\t\t\t\t\t\t\t\t<\/li>\n\t\t\t\t\t\t\t\t<li class=\"elementor-icon-list-item\">\n\t\t\t\t\t\t\t\t\t\t\t<span class=\"elementor-icon-list-icon\">\n\t\t\t\t\t\t\t<i aria-hidden=\"true\" class=\"fas fa-people-arrows\"><\/i>\t\t\t\t\t\t<\/span>\n\t\t\t\t\t\t\t\t\t\t<span class=\"elementor-icon-list-text\"><strong>Beaktande av andra:<\/strong><br>Lederna kan tidvis vara mycket popul\u00e4ra; om det finns en anvisning om rotationsriktning p\u00e5 leden, f\u00f6lj denna. Det \u00e4r allts\u00e5 artigt att v\u00e4ja f\u00f6r en m\u00f6tande eller en vandrare som tar sig snabbare fram\u00e5t. Finns det hj\u00e4rterum s\u00e5 finns det stj\u00e4rterum.<\/span>\n\t\t\t\t\t\t\t\t\t<\/li>\n\t\t\t\t\t\t\t\t<li class=\"elementor-icon-list-item\">\n\t\t\t\t\t\t\t\t\t\t\t<span class=\"elementor-icon-list-icon\">\n\t\t\t\t\t\t\t<i aria-hidden=\"true\" class=\"fas fa-first-aid\"><\/i>\t\t\t\t\t\t<\/span>\n\t\t\t\t\t\t\t\t\t\t<span class=\"elementor-icon-list-text\"><strong>N\u00f6dsituationer:<\/strong><br>Det kan ske olyckor d\u00e5 man \u00e4r p\u00e5 utf\u00e4rd. Det \u00e4r allts\u00e5 bra att ha grundl\u00e4ggande kunskaper i f\u00f6rsta hj\u00e4lpen och att minnas det allm\u00e4nna n\u00f6dnumret 112. Det rekommenderas att du laddar ned 112-appen, s\u00e5 att r\u00e4ddningspersonalen vid behov vet var du befinner dig.<\/span>\n\t\t\t\t\t\t\t\t\t<\/li>\n\t\t\t\t\t\t\t\t<li class=\"elementor-icon-list-item\">\n\t\t\t\t\t\t\t\t\t\t\t<span class=\"elementor-icon-list-icon\">\n\t\t\t\t\t\t\t<i aria-hidden=\"true\" class=\"fas fa-route\"><\/i>\t\t\t\t\t\t<\/span>\n\t\t\t\t\t\t\t\t\t\t<span class=\"elementor-icon-list-text\"><strong>Vandringsled och skyltar:<\/strong><br>Lederna \u00e4r markerade i terr\u00e4ngen, men ibland kan naturen eller m\u00e4nniskan skada m\u00e4rkena. Elektroniska kartor \u00e4r en bra hj\u00e4lp vid vandring, men det g\u00e5r inte alltid att garantera att mobila enheter fungerar i skogen. Av den h\u00e4r anledningen \u00e4r det bra att ha en papperskarta med sig.<\/span>\n\t\t\t\t\t\t\t\t\t<\/li>\n\t\t\t\t\t\t<\/ul>\n\t\t\t\t\t\t<\/div>\n\t\t\t\t<\/div>\n\t\t\t\t\t<\/div>\n\t\t<\/div>\n\t\t\t\t<div class=\"elementor-column elementor-col-50 elementor-top-column elementor-element elementor-element-eec0e26\" data-id=\"eec0e26\" data-element_type=\"column\" data-e-type=\"column\">\n\t\t\t<div class=\"elementor-widget-wrap elementor-element-populated\">\n\t\t\t\t\t\t<div class=\"elementor-element elementor-element-a26c345 elementor-widget elementor-widget-image\" data-id=\"a26c345\" data-element_type=\"widget\" data-e-type=\"widget\" data-widget_type=\"image.default\">\n\t\t\t\t<div class=\"elementor-widget-container\">\n\t\t\t\t\t\t\t\t\t\t\t\t\t\t\t<img fetchpriority=\"high\" decoding=\"async\" width=\"800\" height=\"986\" src=\"https:\/\/kuhankuono.fi\/wp-content\/uploads\/2022\/01\/kartta-831x1024.jpg\" class=\"attachment-large size-large wp-image-3139\" alt=\"\" srcset=\"https:\/\/kuhankuono.fi\/wp-content\/uploads\/2022\/01\/kartta-831x1024.jpg 831w, https:\/\/kuhankuono.fi\/wp-content\/uploads\/2022\/01\/kartta-243x300.jpg 243w, https:\/\/kuhankuono.fi\/wp-content\/uploads\/2022\/01\/kartta-768x947.jpg 768w, https:\/\/kuhankuono.fi\/wp-content\/uploads\/2022\/01\/kartta.jpg 1006w\" sizes=\"(max-width: 800px) 100vw, 800px\" \/>\t\t\t\t\t\t\t\t\t\t\t\t\t\t\t<\/div>\n\t\t\t\t<\/div>\n\t\t\t\t\t<\/div>\n\t\t<\/div>\n\t\t\t\t\t<\/div>\n\t\t<\/section>\n\t\t\t\t<\/div>\n\t\t","protected":false},"excerpt":{"rendered":"<p>Anvisningar f\u00f6r trevliga, s\u00e4kra och r\u00e4ttvisa utf\u00e4rder Landade intressen:R\u00f6relse i naturen sker med muskelkraft s\u00e5 att mark\u00e4gare, medm\u00e4nniskor eller deras egendom inte kommer till skada. Man m\u00e5ste g\u00e5 runt g\u00e5rdsplaner och odlingar. Det \u00e4r till\u00e5tet att simma och tv\u00e4tta sig i vattendragen \u2013 tillr\u00e4ckligt l\u00e5ngt ifr\u00e5n stugor och bos\u00e4ttning. Att vandra i lederna:I Kurjenrahka nationalpark [&hellip;]<\/p>\n","protected":false},"author":1,"featured_media":0,"parent":3771,"menu_order":0,"comment_status":"closed","ping_status":"closed","template":"","meta":{"_acf_changed":false,"footnotes":""},"class_list":["post-3761","page","type-page","status-publish","hentry"],"acf":[],"yoast_head":"<!-- This site is optimized with the Yoast SEO plugin v27.4 - https:\/\/yoast.com\/product\/yoast-seo-wordpress\/ -->\n<title>Vandrarens guide - Kuhankuonon retkeilyreitist\u00f6<\/title>\n<meta name=\"robots\" content=\"index, follow, max-snippet:-1, max-image-preview:large, max-video-preview:-1\" \/>\n<link rel=\"canonical\" href=\"https:\/\/kuhankuono.fi\/sv\/forening\/vandrarens-guide\/\" \/>\n<meta property=\"og:locale\" content=\"sv_SE\" \/>\n<meta property=\"og:type\" content=\"article\" \/>\n<meta property=\"og:title\" content=\"Vandrarens guide - Kuhankuonon retkeilyreitist\u00f6\" \/>\n<meta property=\"og:description\" content=\"Anvisningar f\u00f6r trevliga, s\u00e4kra och r\u00e4ttvisa utf\u00e4rder Landade intressen:R\u00f6relse i naturen sker med muskelkraft s\u00e5 att mark\u00e4gare, medm\u00e4nniskor eller deras egendom inte kommer till skada. Man m\u00e5ste g\u00e5 runt g\u00e5rdsplaner och odlingar. Det \u00e4r till\u00e5tet att simma och tv\u00e4tta sig i vattendragen \u2013 tillr\u00e4ckligt l\u00e5ngt ifr\u00e5n stugor och bos\u00e4ttning. Att vandra i lederna:I Kurjenrahka nationalpark [&hellip;]\" \/>\n<meta property=\"og:url\" content=\"https:\/\/kuhankuono.fi\/sv\/forening\/vandrarens-guide\/\" \/>\n<meta property=\"og:site_name\" content=\"Kuhankuonon retkeilyreitist\u00f6\" \/>\n<meta property=\"article:modified_time\" content=\"2022-03-24T12:23:02+00:00\" \/>\n<meta property=\"og:image\" content=\"https:\/\/kuhankuono.fi\/wp-content\/uploads\/2022\/01\/kartta-831x1024.jpg\" \/>\n<meta name=\"twitter:card\" content=\"summary_large_image\" \/>\n<meta name=\"twitter:label1\" content=\"Ber\u00e4knad l\u00e4stid\" \/>\n\t<meta name=\"twitter:data1\" content=\"3 minuter\" \/>\n<script type=\"application\/ld+json\" class=\"yoast-schema-graph\">{\"@context\":\"https:\\\/\\\/schema.org\",\"@graph\":[{\"@type\":\"WebPage\",\"@id\":\"https:\\\/\\\/kuhankuono.fi\\\/sv\\\/forening\\\/vandrarens-guide\\\/\",\"url\":\"https:\\\/\\\/kuhankuono.fi\\\/sv\\\/forening\\\/vandrarens-guide\\\/\",\"name\":\"Vandrarens guide - Kuhankuonon retkeilyreitist\u00f6\",\"isPartOf\":{\"@id\":\"https:\\\/\\\/kuhankuono.fi\\\/sv\\\/#website\"},\"primaryImageOfPage\":{\"@id\":\"https:\\\/\\\/kuhankuono.fi\\\/sv\\\/forening\\\/vandrarens-guide\\\/#primaryimage\"},\"image\":{\"@id\":\"https:\\\/\\\/kuhankuono.fi\\\/sv\\\/forening\\\/vandrarens-guide\\\/#primaryimage\"},\"thumbnailUrl\":\"https:\\\/\\\/kuhankuono.fi\\\/wp-content\\\/uploads\\\/2022\\\/01\\\/kartta-831x1024.jpg\",\"datePublished\":\"2022-03-24T12:20:08+00:00\",\"dateModified\":\"2022-03-24T12:23:02+00:00\",\"breadcrumb\":{\"@id\":\"https:\\\/\\\/kuhankuono.fi\\\/sv\\\/forening\\\/vandrarens-guide\\\/#breadcrumb\"},\"inLanguage\":\"sv-SE\",\"potentialAction\":[{\"@type\":\"ReadAction\",\"target\":[\"https:\\\/\\\/kuhankuono.fi\\\/sv\\\/forening\\\/vandrarens-guide\\\/\"]}]},{\"@type\":\"ImageObject\",\"inLanguage\":\"sv-SE\",\"@id\":\"https:\\\/\\\/kuhankuono.fi\\\/sv\\\/forening\\\/vandrarens-guide\\\/#primaryimage\",\"url\":\"https:\\\/\\\/kuhankuono.fi\\\/wp-content\\\/uploads\\\/2022\\\/01\\\/kartta-831x1024.jpg\",\"contentUrl\":\"https:\\\/\\\/kuhankuono.fi\\\/wp-content\\\/uploads\\\/2022\\\/01\\\/kartta-831x1024.jpg\"},{\"@type\":\"BreadcrumbList\",\"@id\":\"https:\\\/\\\/kuhankuono.fi\\\/sv\\\/forening\\\/vandrarens-guide\\\/#breadcrumb\",\"itemListElement\":[{\"@type\":\"ListItem\",\"position\":1,\"name\":\"Home\",\"item\":\"https:\\\/\\\/kuhankuono.fi\\\/sv\\\/\"},{\"@type\":\"ListItem\",\"position\":2,\"name\":\"F\u00f6rening\",\"item\":\"https:\\\/\\\/kuhankuono.fi\\\/sv\\\/forening\\\/\"},{\"@type\":\"ListItem\",\"position\":3,\"name\":\"Vandrarens guide\"}]},{\"@type\":\"WebSite\",\"@id\":\"https:\\\/\\\/kuhankuono.fi\\\/sv\\\/#website\",\"url\":\"https:\\\/\\\/kuhankuono.fi\\\/sv\\\/\",\"name\":\"Kuhankuonon retkeilyreitist\u00f6\",\"description\":\"\",\"publisher\":{\"@id\":\"https:\\\/\\\/kuhankuono.fi\\\/sv\\\/#organization\"},\"potentialAction\":[{\"@type\":\"SearchAction\",\"target\":{\"@type\":\"EntryPoint\",\"urlTemplate\":\"https:\\\/\\\/kuhankuono.fi\\\/sv\\\/?s={search_term_string}\"},\"query-input\":{\"@type\":\"PropertyValueSpecification\",\"valueRequired\":true,\"valueName\":\"search_term_string\"}}],\"inLanguage\":\"sv-SE\"},{\"@type\":\"Organization\",\"@id\":\"https:\\\/\\\/kuhankuono.fi\\\/sv\\\/#organization\",\"name\":\"Kuhankuonon retkeilyreitist\u00f6\",\"url\":\"https:\\\/\\\/kuhankuono.fi\\\/sv\\\/\",\"logo\":{\"@type\":\"ImageObject\",\"inLanguage\":\"sv-SE\",\"@id\":\"https:\\\/\\\/kuhankuono.fi\\\/sv\\\/#\\\/schema\\\/logo\\\/image\\\/\",\"url\":\"https:\\\/\\\/kuhankuono.fi\\\/wp-content\\\/uploads\\\/2021\\\/02\\\/kuhankuonologo.png\",\"contentUrl\":\"https:\\\/\\\/kuhankuono.fi\\\/wp-content\\\/uploads\\\/2021\\\/02\\\/kuhankuonologo.png\",\"width\":146,\"height\":146,\"caption\":\"Kuhankuonon retkeilyreitist\u00f6\"},\"image\":{\"@id\":\"https:\\\/\\\/kuhankuono.fi\\\/sv\\\/#\\\/schema\\\/logo\\\/image\\\/\"}}]}<\/script>\n<!-- \/ Yoast SEO plugin. -->","yoast_head_json":{"title":"Vandrarens guide - Kuhankuonon retkeilyreitist\u00f6","robots":{"index":"index","follow":"follow","max-snippet":"max-snippet:-1","max-image-preview":"max-image-preview:large","max-video-preview":"max-video-preview:-1"},"canonical":"https:\/\/kuhankuono.fi\/sv\/forening\/vandrarens-guide\/","og_locale":"sv_SE","og_type":"article","og_title":"Vandrarens guide - Kuhankuonon retkeilyreitist\u00f6","og_description":"Anvisningar f\u00f6r trevliga, s\u00e4kra och r\u00e4ttvisa utf\u00e4rder Landade intressen:R\u00f6relse i naturen sker med muskelkraft s\u00e5 att mark\u00e4gare, medm\u00e4nniskor eller deras egendom inte kommer till skada. Man m\u00e5ste g\u00e5 runt g\u00e5rdsplaner och odlingar. Det \u00e4r till\u00e5tet att simma och tv\u00e4tta sig i vattendragen \u2013 tillr\u00e4ckligt l\u00e5ngt ifr\u00e5n stugor och bos\u00e4ttning. Att vandra i lederna:I Kurjenrahka nationalpark [&hellip;]","og_url":"https:\/\/kuhankuono.fi\/sv\/forening\/vandrarens-guide\/","og_site_name":"Kuhankuonon retkeilyreitist\u00f6","article_modified_time":"2022-03-24T12:23:02+00:00","og_image":[{"url":"https:\/\/kuhankuono.fi\/wp-content\/uploads\/2022\/01\/kartta-831x1024.jpg","type":"","width":"","height":""}],"twitter_card":"summary_large_image","twitter_misc":{"Ber\u00e4knad l\u00e4stid":"3 minuter"},"schema":{"@context":"https:\/\/schema.org","@graph":[{"@type":"WebPage","@id":"https:\/\/kuhankuono.fi\/sv\/forening\/vandrarens-guide\/","url":"https:\/\/kuhankuono.fi\/sv\/forening\/vandrarens-guide\/","name":"Vandrarens guide - Kuhankuonon retkeilyreitist\u00f6","isPartOf":{"@id":"https:\/\/kuhankuono.fi\/sv\/#website"},"primaryImageOfPage":{"@id":"https:\/\/kuhankuono.fi\/sv\/forening\/vandrarens-guide\/#primaryimage"},"image":{"@id":"https:\/\/kuhankuono.fi\/sv\/forening\/vandrarens-guide\/#primaryimage"},"thumbnailUrl":"https:\/\/kuhankuono.fi\/wp-content\/uploads\/2022\/01\/kartta-831x1024.jpg","datePublished":"2022-03-24T12:20:08+00:00","dateModified":"2022-03-24T12:23:02+00:00","breadcrumb":{"@id":"https:\/\/kuhankuono.fi\/sv\/forening\/vandrarens-guide\/#breadcrumb"},"inLanguage":"sv-SE","potentialAction":[{"@type":"ReadAction","target":["https:\/\/kuhankuono.fi\/sv\/forening\/vandrarens-guide\/"]}]},{"@type":"ImageObject","inLanguage":"sv-SE","@id":"https:\/\/kuhankuono.fi\/sv\/forening\/vandrarens-guide\/#primaryimage","url":"https:\/\/kuhankuono.fi\/wp-content\/uploads\/2022\/01\/kartta-831x1024.jpg","contentUrl":"https:\/\/kuhankuono.fi\/wp-content\/uploads\/2022\/01\/kartta-831x1024.jpg"},{"@type":"BreadcrumbList","@id":"https:\/\/kuhankuono.fi\/sv\/forening\/vandrarens-guide\/#breadcrumb","itemListElement":[{"@type":"ListItem","position":1,"name":"Home","item":"https:\/\/kuhankuono.fi\/sv\/"},{"@type":"ListItem","position":2,"name":"F\u00f6rening","item":"https:\/\/kuhankuono.fi\/sv\/forening\/"},{"@type":"ListItem","position":3,"name":"Vandrarens guide"}]},{"@type":"WebSite","@id":"https:\/\/kuhankuono.fi\/sv\/#website","url":"https:\/\/kuhankuono.fi\/sv\/","name":"Kuhankuonon retkeilyreitist\u00f6","description":"","publisher":{"@id":"https:\/\/kuhankuono.fi\/sv\/#organization"},"potentialAction":[{"@type":"SearchAction","target":{"@type":"EntryPoint","urlTemplate":"https:\/\/kuhankuono.fi\/sv\/?s={search_term_string}"},"query-input":{"@type":"PropertyValueSpecification","valueRequired":true,"valueName":"search_term_string"}}],"inLanguage":"sv-SE"},{"@type":"Organization","@id":"https:\/\/kuhankuono.fi\/sv\/#organization","name":"Kuhankuonon retkeilyreitist\u00f6","url":"https:\/\/kuhankuono.fi\/sv\/","logo":{"@type":"ImageObject","inLanguage":"sv-SE","@id":"https:\/\/kuhankuono.fi\/sv\/#\/schema\/logo\/image\/","url":"https:\/\/kuhankuono.fi\/wp-content\/uploads\/2021\/02\/kuhankuonologo.png","contentUrl":"https:\/\/kuhankuono.fi\/wp-content\/uploads\/2021\/02\/kuhankuonologo.png","width":146,"height":146,"caption":"Kuhankuonon retkeilyreitist\u00f6"},"image":{"@id":"https:\/\/kuhankuono.fi\/sv\/#\/schema\/logo\/image\/"}}]}},"_links":{"self":[{"href":"https:\/\/kuhankuono.fi\/sv\/wp-json\/wp\/v2\/pages\/3761","targetHints":{"allow":["GET"]}}],"collection":[{"href":"https:\/\/kuhankuono.fi\/sv\/wp-json\/wp\/v2\/pages"}],"about":[{"href":"https:\/\/kuhankuono.fi\/sv\/wp-json\/wp\/v2\/types\/page"}],"author":[{"embeddable":true,"href":"https:\/\/kuhankuono.fi\/sv\/wp-json\/wp\/v2\/users\/1"}],"replies":[{"embeddable":true,"href":"https:\/\/kuhankuono.fi\/sv\/wp-json\/wp\/v2\/comments?post=3761"}],"version-history":[{"count":3,"href":"https:\/\/kuhankuono.fi\/sv\/wp-json\/wp\/v2\/pages\/3761\/revisions"}],"predecessor-version":[{"id":3768,"href":"https:\/\/kuhankuono.fi\/sv\/wp-json\/wp\/v2\/pages\/3761\/revisions\/3768"}],"up":[{"embeddable":true,"href":"https:\/\/kuhankuono.fi\/sv\/wp-json\/wp\/v2\/pages\/3771"}],"wp:attachment":[{"href":"https:\/\/kuhankuono.fi\/sv\/wp-json\/wp\/v2\/media?parent=3761"}],"curies":[{"name":"wp","href":"https:\/\/api.w.org\/{rel}","templated":true}]}}